{"id":166,"date":"2020-09-24T20:32:31","date_gmt":"2020-09-24T20:32:31","guid":{"rendered":"https:\/\/bslthemes.site\/arter\/?page_id=166"},"modified":"2023-05-19T20:53:29","modified_gmt":"2023-05-19T23:53:29","slug":"blog","status":"publish","type":"page","link":"https:\/\/lahumada.com\/index.php\/blog\/","title":{"rendered":"Blog"},"content":{"rendered":"\t\t<div data-elementor-type=\"wp-page\" data-elementor-id=\"166\" class=\"elementor elementor-166\">\n\t\t\t\t\t\t\t\t\t<section class=\"elementor-section elementor-top-section elementor-element elementor-element-9cf4aa9 elementor-section-boxed elementor-section-height-default elementor-section-height-default\" data-id=\"9cf4aa9\" data-element_type=\"section\">\n\t\t\t\t\t\t<div class=\"elementor-container elementor-column-gap-default\">\n\t\t\t\t\t<div class=\"elementor-column elementor-col-100 elementor-top-column elementor-element elementor-element-2ff10eb\" data-id=\"2ff10eb\" data-element_type=\"column\">\n\t\t\t<div class=\"elementor-widget-wrap elementor-element-populated\">\n\t\t\t\t\t\t\t\t<div class=\"elementor-element elementor-element-3f8de9f elementor-widget elementor-widget-spacer\" data-id=\"3f8de9f\" data-element_type=\"widget\" data-widget_type=\"spacer.default\">\n\t\t\t\t<div class=\"elementor-widget-container\">\n\t\t\t<style>\/*! elementor - v3.12.2 - 23-04-2023 *\/\n.elementor-column .elementor-spacer-inner{height:var(--spacer-size)}.e-con{--container-widget-width:100%}.e-con-inner>.elementor-widget-spacer,.e-con>.elementor-widget-spacer{width:var(--container-widget-width,var(--spacer-size));--align-self:var(--container-widget-align-self,initial);--flex-shrink:0}.e-con-inner>.elementor-widget-spacer>.elementor-widget-container,.e-con-inner>.elementor-widget-spacer>.elementor-widget-container>.elementor-spacer,.e-con>.elementor-widget-spacer>.elementor-widget-container,.e-con>.elementor-widget-spacer>.elementor-widget-container>.elementor-spacer{height:100%}.e-con-inner>.elementor-widget-spacer>.elementor-widget-container>.elementor-spacer>.elementor-spacer-inner,.e-con>.elementor-widget-spacer>.elementor-widget-container>.elementor-spacer>.elementor-spacer-inner{height:var(--container-widget-height,var(--spacer-size))}<\/style>\t\t<div class=\"elementor-spacer\">\n\t\t\t<div class=\"elementor-spacer-inner\"><\/div>\n\t\t<\/div>\n\t\t\t\t<\/div>\n\t\t\t\t<\/div>\n\t\t\t\t\t<\/div>\n\t\t<\/div>\n\t\t\t\t\t\t\t<\/div>\n\t\t<\/section>\n\t\t\t\t<section class=\"elementor-section elementor-top-section elementor-element elementor-element-cd43901 elementor-section-boxed elementor-section-height-default elementor-section-height-default\" data-id=\"cd43901\" data-element_type=\"section\">\n\t\t\t\t\t\t<div class=\"elementor-container elementor-column-gap-default\">\n\t\t\t\t\t<div class=\"elementor-column elementor-col-100 elementor-top-column elementor-element elementor-element-7398c24\" data-id=\"7398c24\" data-element_type=\"column\">\n\t\t\t<div class=\"elementor-widget-wrap elementor-element-populated\">\n\t\t\t\t\t\t\t\t<div class=\"elementor-element elementor-element-0033055 container-fluid elementor-pagination-position-outside elementor-widget elementor-widget-image-carousel\" data-id=\"0033055\" data-element_type=\"widget\" data-settings=\"{&quot;slides_to_show&quot;:&quot;5&quot;,&quot;slides_to_scroll&quot;:&quot;3&quot;,&quot;navigation&quot;:&quot;dots&quot;,&quot;pause_on_hover&quot;:&quot;no&quot;,&quot;pause_on_interaction&quot;:&quot;no&quot;,&quot;speed&quot;:350,&quot;autoplay&quot;:&quot;yes&quot;,&quot;autoplay_speed&quot;:5000,&quot;infinite&quot;:&quot;yes&quot;}\" data-widget_type=\"image-carousel.default\">\n\t\t\t\t<div class=\"elementor-widget-container\">\n\t\t\t<style>\/*! elementor - v3.12.2 - 23-04-2023 *\/\n.elementor-widget-image-carousel .swiper,.elementor-widget-image-carousel .swiper-container{position:static}.elementor-widget-image-carousel .swiper-container .swiper-slide figure,.elementor-widget-image-carousel .swiper .swiper-slide figure{line-height:inherit}.elementor-widget-image-carousel .swiper-slide{text-align:center}.elementor-image-carousel-wrapper:not(.swiper-container-initialized) .swiper-slide,.elementor-image-carousel-wrapper:not(.swiper-initialized) .swiper-slide{max-width:calc(100% \/ var(--e-image-carousel-slides-to-show, 3))}<\/style>\t\t<div class=\"elementor-image-carousel-wrapper swiper\" dir=\"ltr\">\n\t\t\t<div class=\"elementor-image-carousel swiper-wrapper\">\n\t\t\t\t\t\t\t\t<div class=\"swiper-slide\"><figure class=\"swiper-slide-inner\"><img decoding=\"async\" class=\"swiper-slide-image\" src=\"https:\/\/lahumada.com\/wp-content\/uploads\/2023\/05\/atlassian_jira-icon.png\" alt=\"atlassian_jira-icon\" \/><\/figure><\/div><div class=\"swiper-slide\"><figure class=\"swiper-slide-inner\"><img decoding=\"async\" class=\"swiper-slide-image\" src=\"https:\/\/lahumada.com\/wp-content\/uploads\/2023\/05\/playwright-logo.png\" alt=\"playwright-logo\" \/><\/figure><\/div><div class=\"swiper-slide\"><figure class=\"swiper-slide-inner\"><img decoding=\"async\" class=\"swiper-slide-image\" src=\"https:\/\/lahumada.com\/wp-content\/uploads\/2023\/05\/microsoft_azure-icon.png\" alt=\"microsoft_azure-icon\" \/><\/figure><\/div><div class=\"swiper-slide\"><figure class=\"swiper-slide-inner\"><img decoding=\"async\" class=\"swiper-slide-image\" src=\"https:\/\/lahumada.com\/wp-content\/uploads\/2023\/05\/git-scm-icon.png\" alt=\"git-scm-icon\" \/><\/figure><\/div><div class=\"swiper-slide\"><figure class=\"swiper-slide-inner\"><img decoding=\"async\" class=\"swiper-slide-image\" src=\"https:\/\/lahumada.com\/wp-content\/uploads\/2023\/05\/javascript-icon.png\" alt=\"javascript-icon\" \/><\/figure><\/div><div class=\"swiper-slide\"><figure class=\"swiper-slide-inner\"><img decoding=\"async\" class=\"swiper-slide-image\" src=\"https:\/\/lahumada.com\/wp-content\/uploads\/2023\/05\/tailwindcss-icon.png\" alt=\"tailwindcss-icon\" \/><\/figure><\/div><div class=\"swiper-slide\"><figure class=\"swiper-slide-inner\"><img decoding=\"async\" class=\"swiper-slide-image\" src=\"https:\/\/lahumada.com\/wp-content\/uploads\/2023\/05\/reactjs-icon.png\" alt=\"reactjs-icon\" \/><\/figure><\/div><div class=\"swiper-slide\"><figure class=\"swiper-slide-inner\"><img decoding=\"async\" class=\"swiper-slide-image\" src=\"https:\/\/lahumada.com\/wp-content\/uploads\/2023\/05\/nodejs-icon.png\" alt=\"nodejs-icon\" \/><\/figure><\/div><div class=\"swiper-slide\"><figure class=\"swiper-slide-inner\"><img decoding=\"async\" class=\"swiper-slide-image\" src=\"https:\/\/lahumada.com\/wp-content\/uploads\/2023\/05\/angular-icon.png\" alt=\"angular-icon\" \/><\/figure><\/div>\t\t\t<\/div>\n\t\t\t\t\t\t\t\t\t\t\t\t<div class=\"swiper-pagination\"><\/div>\n\t\t\t\t\t\t\t\t\t\t\t\t\t<\/div>\n\t\t\t\t<\/div>\n\t\t\t\t<\/div>\n\t\t\t\t\t<\/div>\n\t\t<\/div>\n\t\t\t\t\t\t\t<\/div>\n\t\t<\/section>\n\t\t\t\t<section class=\"elementor-section elementor-top-section elementor-element elementor-element-e6d90ff elementor-section-boxed elementor-section-height-default elementor-section-height-default\" data-id=\"e6d90ff\" data-element_type=\"section\">\n\t\t\t\t\t\t<div class=\"elementor-container elementor-column-gap-default\">\n\t\t\t\t\t<div class=\"elementor-column elementor-col-100 elementor-top-column elementor-element elementor-element-d8476fe container-fluid \" data-id=\"d8476fe\" data-element_type=\"column\">\n\t\t\t<div class=\"elementor-widget-wrap elementor-element-populated\">\n\t\t\t\t\t\t\t\t<div class=\"elementor-element elementor-element-9671b1a elementor-widget elementor-widget-heading\" data-id=\"9671b1a\" data-element_type=\"widget\" data-widget_type=\"heading.default\">\n\t\t\t\t<div class=\"elementor-widget-container\">\n\t\t\t<style>\/*! elementor - v3.12.2 - 23-04-2023 *\/\n.elementor-heading-title{padding:0;margin:0;line-height:1}.elementor-widget-heading .elementor-heading-title[class*=elementor-size-]>a{color:inherit;font-size:inherit;line-height:inherit}.elementor-widget-heading .elementor-heading-title.elementor-size-small{font-size:15px}.elementor-widget-heading .elementor-heading-title.elementor-size-medium{font-size:19px}.elementor-widget-heading .elementor-heading-title.elementor-size-large{font-size:29px}.elementor-widget-heading .elementor-heading-title.elementor-size-xl{font-size:39px}.elementor-widget-heading .elementor-heading-title.elementor-size-xxl{font-size:59px}<\/style><h4 class=\"elementor-heading-title elementor-size-default\">Mis publicaciones<\/h4>\t\t<\/div>\n\t\t\t\t<\/div>\n\t\t\t\t\t<\/div>\n\t\t<\/div>\n\t\t\t\t\t\t\t<\/div>\n\t\t<\/section>\n\t\t\t\t<section class=\"elementor-section elementor-top-section elementor-element elementor-element-66cb952 elementor-section-full_width elementor-section-height-default elementor-section-height-default\" data-id=\"66cb952\" data-element_type=\"section\">\n\t\t\t\t\t\t<div class=\"elementor-container elementor-column-gap-no\">\n\t\t\t\t\t<div class=\"elementor-column elementor-col-100 elementor-top-column elementor-element elementor-element-edca18a\" data-id=\"edca18a\" data-element_type=\"column\">\n\t\t\t<div class=\"elementor-widget-wrap elementor-element-populated\">\n\t\t\t\t\t\t\t\t<div class=\"elementor-element elementor-element-681945f elementor-widget elementor-widget-arter-blog-grid\" data-id=\"681945f\" data-element_type=\"widget\" data-widget_type=\"arter-blog-grid.default\">\n\t\t\t\t<div class=\"elementor-widget-container\">\n\t\t\t\n\t\t<!-- container -->\n\t\t<div class=\"container-fluid\">\n\n\t\t<!-- row -->\n\t\t<div class=\"row\">\n\t\t  \t\t  <!-- col -->\n\t\t  <div class=\"col-lg-12\">\n\t\t    <!-- section title -->\n\t\t    <div class=\"art-section-title\">\n\t\t      <!-- title frame -->\n\t\t      <div class=\"art-title-frame\">\n\t\t        <!-- title -->\n\t\t        <h3 class=\"art-title-h\">\n\t\t    \t<span >\n\t\t          \t \t\t         <\/span>\n\t\t    \t<\/h3>\n\t\t      <\/div>\n\t\t      <!-- title frame end -->\n\t\t    <\/div>\n\t\t    <!-- section title end -->\n\t\t  <\/div>\n\t\t  <!-- col end -->\n\t\t  \n\t\t  \t\t  \t\t  <!-- col -->\n\t\t  <div class=\"col-lg-6\">\n\t\t    \n\n<!-- blog post card -->\n<div class=\"art-a art-blog-card\">\n  <div id=\"post-757\" class=\"post-757 post type-post status-publish format-standard has-post-thumbnail hentry category-playwright\">\n\t  <!-- post cover -->\n\t  \t\t\t\t<a class=\"art-port-cover post-thumbnail\" href=\"https:\/\/lahumada.com\/index.php\/2023\/05\/20\/como-capturar-elementos-en-playwright\/\">\n\t\t\t<img width=\"1280\" height=\"768\" src=\"https:\/\/lahumada.com\/wp-content\/uploads\/2023\/05\/second-post-1280x768.jpg\" class=\"attachment-arter_1280x768 size-arter_1280x768 wp-post-image\" alt=\"Como capturar elementos en Playwright\" decoding=\"async\" loading=\"lazy\" \/>\t\t<\/a>\n\t\t\n\t\t\t  <!-- post cover end -->\n\t  <!-- post description -->\n\t  <div class=\"art-post-description\">\n\t  \t\t\t<div class=\"art-project-category mb-15\">\n\t\t\t<a href=\"https:\/\/lahumada.com\/index.php\/2023\/05\/20\/como-capturar-elementos-en-playwright\/\">\n\t\t\t\t<span class=\"art-el-date\">20 May, 2023<\/span>\n\t\t\t<\/a>\n\t\t\t \/ <span class=\"art-el-category\">Playwright<\/span>\t\t<\/div>\n\t\t\t    <!-- title -->\n\t    <a href=\"https:\/\/lahumada.com\/index.php\/2023\/05\/20\/como-capturar-elementos-en-playwright\/\">\n\t      <h5 class=\"mb-15\">Como capturar elementos en Playwright<\/h5>\n\t    <\/a>\n\t    \t    <!-- text -->\n\t    <div class=\"art-el-description\">\n\t    \t<p>Para poder interactuar con los diferentes tipos de elementos de un sitio web va a ser necesario que primero podamos&#8230; <\/p>\n<div class=\"art-el-more\"><a href=\"https:\/\/lahumada.com\/index.php\/2023\/05\/20\/como-capturar-elementos-en-playwright\/\" class=\"art-link art-color-link art-w-chevron\">Read more<\/a><\/div>\n\t    <\/div>\n\t    \t  <\/div>\n\t  <!-- post description end -->\n  <\/div>\n<\/div>\n<!-- blog post card end -->\t\t  <\/div>\n\t\t  <!-- col end -->\n\t\t  \t\t  <!-- col -->\n\t\t  <div class=\"col-lg-6\">\n\t\t    \n\n<!-- blog post card -->\n<div class=\"art-a art-blog-card\">\n  <div id=\"post-652\" class=\"post-652 post type-post status-publish format-standard has-post-thumbnail hentry category-playwright\">\n\t  <!-- post cover -->\n\t  \t\t\t\t<a class=\"art-port-cover post-thumbnail\" href=\"https:\/\/lahumada.com\/index.php\/2023\/05\/13\/ejecutando-pruebas-end-to-end-con-playwright\/\">\n\t\t\t<img width=\"1280\" height=\"768\" src=\"https:\/\/lahumada.com\/wp-content\/uploads\/2023\/05\/2023-05-13-02_43_23-1280x768.png\" class=\"attachment-arter_1280x768 size-arter_1280x768 wp-post-image\" alt=\"Ejecutando pruebas end-to-end con Playwright\" decoding=\"async\" loading=\"lazy\" \/>\t\t<\/a>\n\t\t\n\t\t\t  <!-- post cover end -->\n\t  <!-- post description -->\n\t  <div class=\"art-post-description\">\n\t  \t\t\t<div class=\"art-project-category mb-15\">\n\t\t\t<a href=\"https:\/\/lahumada.com\/index.php\/2023\/05\/13\/ejecutando-pruebas-end-to-end-con-playwright\/\">\n\t\t\t\t<span class=\"art-el-date\">13 May, 2023<\/span>\n\t\t\t<\/a>\n\t\t\t \/ <span class=\"art-el-category\">Playwright<\/span>\t\t<\/div>\n\t\t\t    <!-- title -->\n\t    <a href=\"https:\/\/lahumada.com\/index.php\/2023\/05\/13\/ejecutando-pruebas-end-to-end-con-playwright\/\">\n\t      <h5 class=\"mb-15\">Ejecutando pruebas end-to-end con Playwright<\/h5>\n\t    <\/a>\n\t    \t    <!-- text -->\n\t    <div class=\"art-el-description\">\n\t    \t<p>Antes de empezar a trabajar en esta gu\u00eda debemos entender que Playwright se cre\u00f3 espec\u00edficamente para adaptarse a las necesidades&#8230; <\/p>\n<div class=\"art-el-more\"><a href=\"https:\/\/lahumada.com\/index.php\/2023\/05\/13\/ejecutando-pruebas-end-to-end-con-playwright\/\" class=\"art-link art-color-link art-w-chevron\">Read more<\/a><\/div>\n\t    <\/div>\n\t    \t  <\/div>\n\t  <!-- post description end -->\n  <\/div>\n<\/div>\n<!-- blog post card end -->\t\t  <\/div>\n\t\t  <!-- col end -->\n\t\t  \t\t  \t\t<\/div>\n\t\t<!-- row end -->\n\n\t\t<\/div>\n\t\t<!-- container end -->\n\n\t\t\t\t<!-- container -->\n\t\t<div class=\"container-fluid\">\n\n\t\t<!-- row -->\n\t\t<div class=\"row\">\n\n\t\t  <!-- col -->\n\t\t  <div class=\"col-lg-12\">\n\n\t\t  \t\t\t    <!-- pagination -->\n\t\t    <div class=\"art-a art-pagination\">\n\t\t      \t\t\t    <\/div>\n\t\t    <!-- pagination end -->\n\t\t    \n\t\t    \t\t  <\/div>\n\t\t  <!-- col end -->\n\n\t\t<\/div>\n\t\t<!-- row end -->\n\n\t\t<\/div>\n\t\t<!-- container end -->\n\t\t\n\t\t\t\t<\/div>\n\t\t\t\t<\/div>\n\t\t\t\t\t<\/div>\n\t\t<\/div>\n\t\t\t\t\t\t\t<\/div>\n\t\t<\/section>\n\t\t\t\t<section class=\"elementor-section elementor-top-section elementor-element elementor-element-11d679c elementor-section-boxed elementor-section-height-default elementor-section-height-default\" data-id=\"11d679c\" data-element_type=\"section\">\n\t\t\t\t\t\t<div class=\"elementor-container elementor-column-gap-default\">\n\t\t\t\t\t<div class=\"elementor-column elementor-col-100 elementor-top-column elementor-element elementor-element-c11ec6d container-fluid \" data-id=\"c11ec6d\" data-element_type=\"column\">\n\t\t\t<div class=\"elementor-widget-wrap elementor-element-populated\">\n\t\t\t\t\t\t\t\t<div class=\"elementor-element elementor-element-68ba984 elementor-widget elementor-widget-heading\" data-id=\"68ba984\" data-element_type=\"widget\" data-widget_type=\"heading.default\">\n\t\t\t\t<div class=\"elementor-widget-container\">\n\t\t\t<h4 class=\"elementor-heading-title elementor-size-default\">\u00a1Env\u00edame un mensaje!<\/h4>\t\t<\/div>\n\t\t\t\t<\/div>\n\t\t\t\t\t<\/div>\n\t\t<\/div>\n\t\t\t\t\t\t\t<\/div>\n\t\t<\/section>\n\t\t\t\t<section class=\"elementor-section elementor-top-section elementor-element elementor-element-0603ac8 elementor-section-boxed elementor-section-height-default elementor-section-height-default\" data-id=\"0603ac8\" data-element_type=\"section\">\n\t\t\t\t\t\t<div class=\"elementor-container elementor-column-gap-default\">\n\t\t\t\t\t<div class=\"elementor-column elementor-col-100 elementor-top-column elementor-element elementor-element-ceff0ab container-fluid \" data-id=\"ceff0ab\" data-element_type=\"column\">\n\t\t\t<div class=\"elementor-widget-wrap elementor-element-populated\">\n\t\t\t\t\t\t\t\t<div class=\"elementor-element elementor-element-7777c9e elementor-widget elementor-widget-wpforms\" data-id=\"7777c9e\" data-element_type=\"widget\" data-widget_type=\"wpforms.default\">\n\t\t\t\t<div class=\"elementor-widget-container\">\n\t\t\t<style id=\"wpforms-css-vars-root\">\n\t\t\t\t:root {\n\t\t\t\t\t--wpforms-field-border-radius: 3px;\n--wpforms-field-background-color: #ffffff;\n--wpforms-field-border-color: rgba( 0, 0, 0, 0.25 );\n--wpforms-field-text-color: rgba( 0, 0, 0, 0.7 );\n--wpforms-label-color: rgba( 0, 0, 0, 0.85 );\n--wpforms-label-sublabel-color: rgba( 0, 0, 0, 0.55 );\n--wpforms-label-error-color: #d63637;\n--wpforms-button-border-radius: 3px;\n--wpforms-button-background-color: #066aab;\n--wpforms-button-text-color: #ffffff;\n--wpforms-field-size-input-height: 43px;\n--wpforms-field-size-input-spacing: 15px;\n--wpforms-field-size-font-size: 16px;\n--wpforms-field-size-line-height: 19px;\n--wpforms-field-size-padding-h: 14px;\n--wpforms-field-size-checkbox-size: 16px;\n--wpforms-field-size-sublabel-spacing: 5px;\n--wpforms-field-size-icon-size: 1;\n--wpforms-label-size-font-size: 16px;\n--wpforms-label-size-line-height: 19px;\n--wpforms-label-size-sublabel-font-size: 14px;\n--wpforms-label-size-sublabel-line-height: 17px;\n--wpforms-button-size-font-size: 17px;\n--wpforms-button-size-height: 41px;\n--wpforms-button-size-padding-h: 15px;\n--wpforms-button-size-margin-top: 10px;\n\n\t\t\t\t}\n\t\t\t<\/style><div class=\"wpforms-container wpforms-container-full wpforms-render-modern\" id=\"wpforms-424\"><form id=\"wpforms-form-424\" class=\"wpforms-validate wpforms-form wpforms-ajax-form\" data-formid=\"424\" method=\"post\" enctype=\"multipart\/form-data\" action=\"\/index.php\/wp-json\/wp\/v2\/pages\/166\" data-token=\"d85e9d0014c7540742ad8bfe67871424\"><noscript class=\"wpforms-error-noscript\">Please enable JavaScript in your browser to complete this form.<\/noscript><div class=\"wpforms-hidden\" id=\"wpforms-error-noscript\">Please enable JavaScript in your browser to complete this form.<\/div><div class=\"wpforms-field-container\"><div id=\"wpforms-424-field_5-container\" class=\"wpforms-field wpforms-field-name\" data-field-id=\"5\"><label class=\"wpforms-field-label wpforms-label-hide\" for=\"wpforms-424-field_5\" aria-hidden=\"false\">Nombre <span class=\"wpforms-required-label\" aria-hidden=\"true\">*<\/span><\/label><input type=\"text\" id=\"wpforms-424-field_5\" class=\"wpforms-field-large wpforms-field-required\" name=\"wpforms[fields][5]\" placeholder=\"Nombre completo\" aria-errormessage=\"wpforms-424-field_5-error\" required><\/div><div id=\"wpforms-424-field_1-container\" class=\"wpforms-field wpforms-field-email\" data-field-id=\"1\"><label class=\"wpforms-field-label wpforms-label-hide\" for=\"wpforms-424-field_1\" aria-hidden=\"false\">Email <span class=\"wpforms-required-label\" aria-hidden=\"true\">*<\/span><\/label><input type=\"email\" id=\"wpforms-424-field_1\" class=\"wpforms-field-large wpforms-field-required\" name=\"wpforms[fields][1]\" placeholder=\"Correo electr\u00f3nico\" spellcheck=\"false\" aria-errormessage=\"wpforms-424-field_1-error\" required><\/div><div id=\"wpforms-424-field_2-container\" class=\"wpforms-field wpforms-field-textarea\" data-field-id=\"2\"><label class=\"wpforms-field-label wpforms-label-hide\" for=\"wpforms-424-field_2\" aria-hidden=\"false\">Comment or Message <span class=\"wpforms-required-label\" aria-hidden=\"true\">*<\/span><\/label><textarea id=\"wpforms-424-field_2\" class=\"wpforms-field-medium wpforms-field-required\" name=\"wpforms[fields][2]\" placeholder=\"Escribe tu mensaje\" aria-errormessage=\"wpforms-424-field_2-error\" required><\/textarea><\/div><\/div><!-- .wpforms-field-container --><div class=\"wpforms-submit-container\" ><input type=\"hidden\" name=\"wpforms[id]\" value=\"424\"><input type=\"hidden\" name=\"wpforms[author]\" value=\"1\"><button type=\"submit\" name=\"wpforms[submit]\" id=\"wpforms-submit-424\" class=\"wpforms-submit art-contact-form art-submit-frame\" data-alt-text=\"Enviando...\" data-submit-text=\"ENVIAR MENSAJE\" aria-live=\"assertive\" value=\"wpforms-submit\">ENVIAR MENSAJE<\/button><img decoding=\"async\" loading=\"lazy\" src=\"https:\/\/lahumada.com\/wp-content\/plugins\/wpforms-lite\/assets\/images\/submit-spin.svg\" class=\"wpforms-submit-spinner\" style=\"display: none;\" width=\"26\" height=\"26\" alt=\"Loading\"><\/div><\/form><\/div>  <!-- .wpforms-container -->\t\t<\/div>\n\t\t\t\t<\/div>\n\t\t\t\t\t<\/div>\n\t\t<\/div>\n\t\t\t\t\t\t\t<\/div>\n\t\t<\/section>\n\t\t\t\t\t\t\t<\/div>\n\t\t","protected":false},"excerpt":{"rendered":"<p>Mis publicaciones 13 May, 2023 \/ Playwright Ejecutando pruebas end-to-end con Playwright Antes de empezar a trabajar en esta gu\u00eda&#8230; <\/p>\n<div class=\"art-el-more\"><a href=\"https:\/\/lahumada.com\/index.php\/2023\/05\/13\/ejecutando-pruebas-end-to-end-con-playwright\/\" class=\"art-link art-color-link art-w-chevron\">Read more<\/a><\/div>\n","protected":false},"author":1,"featured_media":0,"parent":0,"menu_order":0,"comment_status":"closed","ping_status":"closed","template":"template-layout-builder.php","meta":{"_mi_skip_tracking":false},"acf":[],"aioseo_notices":[],"_links":{"self":[{"href":"https:\/\/lahumada.com\/index.php\/wp-json\/wp\/v2\/pages\/166"}],"collection":[{"href":"https:\/\/lahumada.com\/index.php\/wp-json\/wp\/v2\/pages"}],"about":[{"href":"https:\/\/lahumada.com\/index.php\/wp-json\/wp\/v2\/types\/page"}],"author":[{"embeddable":true,"href":"https:\/\/lahumada.com\/index.php\/wp-json\/wp\/v2\/users\/1"}],"replies":[{"embeddable":true,"href":"https:\/\/lahumada.com\/index.php\/wp-json\/wp\/v2\/comments?post=166"}],"version-history":[{"count":30,"href":"https:\/\/lahumada.com\/index.php\/wp-json\/wp\/v2\/pages\/166\/revisions"}],"predecessor-version":[{"id":756,"href":"https:\/\/lahumada.com\/index.php\/wp-json\/wp\/v2\/pages\/166\/revisions\/756"}],"wp:attachment":[{"href":"https:\/\/lahumada.com\/index.php\/wp-json\/wp\/v2\/media?parent=166"}],"curies":[{"name":"wp","href":"https:\/\/api.w.org\/{rel}","templated":true}]}}